{"id":5088,"date":"2023-07-09T01:54:12","date_gmt":"2023-07-09T05:54:12","guid":{"rendered":"https:\/\/serv3r.net\/servers-for-online-stores\/"},"modified":"2024-03-20T22:12:49","modified_gmt":"2024-03-21T02:12:49","slug":"servers-for-online-stores","status":"publish","type":"page","link":"https:\/\/serv3r.net\/en\/servers-for-online-stores\/","title":{"rendered":"Servers for online stores"},"content":{"rendered":"\t\t<div data-elementor-type=\"wp-page\" data-elementor-id=\"5088\" class=\"elementor elementor-5088 elementor-3046\" data-elementor-post-type=\"page\">\n\t\t\t\t\t\t<section class=\"elementor-section elementor-top-section elementor-element elementor-element-1fbd8ea elementor-section-boxed elementor-section-height-default elementor-section-height-default\" data-id=\"1fbd8ea\" data-element_type=\"section\" data-e-type=\"section\">\n\t\t\t\t\t\t<div class=\"elementor-container elementor-column-gap-default\">\n\t\t\t\t\t<div class=\"elementor-column elementor-col-100 elementor-top-column elementor-element elementor-element-aca2a55\" data-id=\"aca2a55\" data-element_type=\"column\" data-e-type=\"column\">\n\t\t\t<div class=\"elementor-widget-wrap elementor-element-populated\">\n\t\t\t\t\t\t<div class=\"elementor-element elementor-element-215a545 elementor-widget elementor-widget-heading\" data-id=\"215a545\" data-element_type=\"widget\" data-e-type=\"widget\" data-widget_type=\"heading.default\">\n\t\t\t\t<div class=\"elementor-widget-container\">\n\t\t\t\t\t<h2 class=\"elementor-heading-title elementor-size-default\"><span style=\"color:#0c4cff\">Fast, high-performance servers<\/span> for online stores<\/h2>\t\t\t\t<\/div>\n\t\t\t\t<\/div>\n\t\t\t\t<section class=\"elementor-section elementor-inner-section elementor-element elementor-element-4de56a9 elementor-section-content-middle elementor-section-boxed elementor-section-height-default elementor-section-height-default\" data-id=\"4de56a9\" data-element_type=\"section\" data-e-type=\"section\">\n\t\t\t\t\t\t<div class=\"elementor-container elementor-column-gap-default\">\n\t\t\t\t\t<div class=\"elementor-column elementor-col-50 elementor-inner-column elementor-element elementor-element-af46174\" data-id=\"af46174\" data-element_type=\"column\" data-e-type=\"column\">\n\t\t\t<div class=\"elementor-widget-wrap elementor-element-populated\">\n\t\t\t\t\t\t<div class=\"elementor-element elementor-element-0ef0589 animated-slow elementor-widget elementor-widget-text-editor\" data-id=\"0ef0589\" data-element_type=\"widget\" data-e-type=\"widget\" data-settings=\"{&quot;_animation&quot;:&quot;none&quot;,&quot;_animation_delay&quot;:500}\" data-widget_type=\"text-editor.default\">\n\t\t\t\t<div class=\"elementor-widget-container\">\n\t\t\t\t\t\t\t\t\t<p>Enhance the speed and performance of your online store with a hosting solution that enables you to deliver an ultra-fast user experience while protecting your customers&#8217; sensitive data.<\/p>\n<p>Serv3r.net offers a dedicated server solution for online retailers that adapts to the growth of your business. Our servers deliver smooth shopping experiences and optimized network connections for low-latency performance on the busiest shopping days.<\/p>\n\t\t\t\t\t\t\t\t<\/div>\n\t\t\t\t<\/div>\n\t\t\t\t\t<\/div>\n\t\t<\/div>\n\t\t\t\t<div class=\"elementor-column elementor-col-50 elementor-inner-column elementor-element elementor-element-0067e46\" data-id=\"0067e46\" data-element_type=\"column\" data-e-type=\"column\">\n\t\t\t<div class=\"elementor-widget-wrap elementor-element-populated\">\n\t\t\t\t\t\t<div class=\"elementor-element elementor-element-07bce82 animated-slow elementor-invisible elementor-widget elementor-widget-image\" data-id=\"07bce82\" data-element_type=\"widget\" data-e-type=\"widget\" data-settings=\"{&quot;_animation&quot;:&quot;fadeInRight&quot;}\" data-widget_type=\"image.default\">\n\t\t\t\t<div class=\"elementor-widget-container\">\n\t\t\t\t\t\t\t\t\t\t\t\t\t\t\t<img decoding=\"async\" src=\"https:\/\/serv3r.net\/wp-content\/uploads\/elementor\/thumbs\/Web-applications-1-qjjdq3ddwsgml47uly7992l8abr08mx8awai4b2d3k.png\" title=\"Web-applications\" alt=\"Serveurs pour boutiques en ligne\" loading=\"lazy\" \/>\t\t\t\t\t\t\t\t\t\t\t\t\t\t\t<\/div>\n\t\t\t\t<\/div>\n\t\t\t\t\t<\/div>\n\t\t<\/div>\n\t\t\t\t\t<\/div>\n\t\t<\/section>\n\t\t\t\t\t<\/div>\n\t\t<\/div>\n\t\t\t\t\t<\/div>\n\t\t<\/section>\n\t\t\t\t<section class=\"elementor-section elementor-top-section elementor-element elementor-element-3b90e12 elementor-section-stretched elementor-section-boxed elementor-section-height-default elementor-section-height-default\" data-id=\"3b90e12\" data-element_type=\"section\" data-e-type=\"section\" data-settings=\"{&quot;stretch_section&quot;:&quot;section-stretched&quot;,&quot;background_background&quot;:&quot;classic&quot;}\">\n\t\t\t\t\t\t<div class=\"elementor-container elementor-column-gap-default\">\n\t\t\t\t\t<div class=\"elementor-column elementor-col-100 elementor-top-column elementor-element elementor-element-42eae0e1\" data-id=\"42eae0e1\" data-element_type=\"column\" data-e-type=\"column\">\n\t\t\t<div class=\"elementor-widget-wrap elementor-element-populated\">\n\t\t\t\t\t\t<div class=\"elementor-element elementor-element-476b9b0c elementor-widget elementor-widget-heading\" data-id=\"476b9b0c\" data-element_type=\"widget\" data-e-type=\"widget\" data-widget_type=\"heading.default\">\n\t\t\t\t<div class=\"elementor-widget-container\">\n\t\t\t\t\t<h2 class=\"elementor-heading-title elementor-size-default\"> <span style=\"color:#0c4cff\">Three ways<\/span> Serv3r.net is transforming the online store hosting experience<\/h2>\t\t\t\t<\/div>\n\t\t\t\t<\/div>\n\t\t\t\t<section class=\"elementor-section elementor-inner-section elementor-element elementor-element-6f996035 elementor-section-boxed elementor-section-height-default elementor-section-height-default\" data-id=\"6f996035\" data-element_type=\"section\" data-e-type=\"section\">\n\t\t\t\t\t\t<div class=\"elementor-container elementor-column-gap-default\">\n\t\t\t\t\t<div class=\"elementor-column elementor-col-100 elementor-inner-column elementor-element elementor-element-63ca2f02\" data-id=\"63ca2f02\" data-element_type=\"column\" data-e-type=\"column\">\n\t\t\t<div class=\"elementor-widget-wrap elementor-element-populated\">\n\t\t\t\t\t\t<div class=\"elementor-element elementor-element-1f5c921b elementor-position-left animated-slow elementor-vertical-align-top elementor-invisible elementor-widget elementor-widget-image-box\" data-id=\"1f5c921b\" data-element_type=\"widget\" data-e-type=\"widget\" data-settings=\"{&quot;_animation&quot;:&quot;slideInLeft&quot;}\" data-widget_type=\"image-box.default\">\n\t\t\t\t<div class=\"elementor-widget-container\">\n\t\t\t\t\t<div class=\"elementor-image-box-wrapper\"><figure class=\"elementor-image-box-img\"><img decoding=\"async\" width=\"150\" height=\"150\" src=\"https:\/\/serv3r.net\/wp-content\/uploads\/2024\/02\/A-successful-customer-experience-150x150.png\" class=\"attachment-thumbnail size-thumbnail wp-image-4977\" alt=\"A successful customer experience\" srcset=\"https:\/\/serv3r.net\/wp-content\/uploads\/2024\/02\/A-successful-customer-experience-150x150.png 150w, https:\/\/serv3r.net\/wp-content\/uploads\/2024\/02\/A-successful-customer-experience.png 256w\" sizes=\"(max-width: 150px) 100vw, 150px\" \/><\/figure><div class=\"elementor-image-box-content\"><h3 class=\"elementor-image-box-title\">A successful customer experience<\/h3><p class=\"elementor-image-box-description\">The key to a successful online shopping experience is the speed of the pages delivered to your customers. Not only do customers demand it, but it also has an impact on SEO. For this reason, we have designed our global network to maintain low latency. Each server has a network interface of 1 Gb\/s or more, capable of transferring large amounts of data rapidly. We use several redundant premium bandwidth providers to guarantee continuity of service in the event of a problem.\n<\/p><\/div><\/div>\t\t\t\t<\/div>\n\t\t\t\t<\/div>\n\t\t\t\t<div class=\"elementor-element elementor-element-1cfa8ee3 elementor-position-left animated-slow elementor-vertical-align-top elementor-invisible elementor-widget elementor-widget-image-box\" data-id=\"1cfa8ee3\" data-element_type=\"widget\" data-e-type=\"widget\" data-settings=\"{&quot;_animation&quot;:&quot;slideInRight&quot;}\" data-widget_type=\"image-box.default\">\n\t\t\t\t<div class=\"elementor-widget-container\">\n\t\t\t\t\t<div class=\"elementor-image-box-wrapper\"><figure class=\"elementor-image-box-img\"><img decoding=\"async\" width=\"150\" height=\"150\" src=\"https:\/\/serv3r.net\/wp-content\/uploads\/2024\/02\/Unparalleled-security-1-150x150.png\" class=\"attachment-thumbnail size-thumbnail wp-image-4997\" alt=\"Unparalleled security\" srcset=\"https:\/\/serv3r.net\/wp-content\/uploads\/2024\/02\/Unparalleled-security-1-150x150.png 150w, https:\/\/serv3r.net\/wp-content\/uploads\/2024\/02\/Unparalleled-security-1.png 256w\" sizes=\"(max-width: 150px) 100vw, 150px\" \/><\/figure><div class=\"elementor-image-box-content\"><h3 class=\"elementor-image-box-title\">Data security and confidentiality<\/h3><p class=\"elementor-image-box-description\">Servers for online stores are often targeted by cybercriminals due to the sensitive customer data stored on them, making network attacks and ransomware exploits commonplace. To reduce security risks, at Serv3r.net, hosting for online businesses is an effective and secure solution. Our data centers comply with industry standards for security and data protection, including PCI DSS, SSAE16 Type II and SAS70 Type II.<\/p><\/div><\/div>\t\t\t\t<\/div>\n\t\t\t\t<\/div>\n\t\t\t\t<div class=\"elementor-element elementor-element-3add666e elementor-position-left animated-slow elementor-vertical-align-top elementor-invisible elementor-widget elementor-widget-image-box\" data-id=\"3add666e\" data-element_type=\"widget\" data-e-type=\"widget\" data-settings=\"{&quot;_animation&quot;:&quot;slideInLeft&quot;}\" data-widget_type=\"image-box.default\">\n\t\t\t\t<div class=\"elementor-widget-container\">\n\t\t\t\t\t<div class=\"elementor-image-box-wrapper\"><figure class=\"elementor-image-box-img\"><img decoding=\"async\" width=\"150\" height=\"150\" src=\"https:\/\/serv3r.net\/wp-content\/uploads\/2024\/02\/Exceptional-support-150x150.png\" class=\"attachment-thumbnail size-thumbnail wp-image-4999\" alt=\"Exceptional support\" srcset=\"https:\/\/serv3r.net\/wp-content\/uploads\/2024\/02\/Exceptional-support-150x150.png 150w, https:\/\/serv3r.net\/wp-content\/uploads\/2024\/02\/Exceptional-support.png 256w\" sizes=\"(max-width: 150px) 100vw, 150px\" \/><\/figure><div class=\"elementor-image-box-content\"><h3 class=\"elementor-image-box-title\">Customized support<\/h3><p class=\"elementor-image-box-description\">Is there a problem? Do you have a question about a service or product? Call us or send us an e-mail. At Serv3r.net, you're not a number. The technician who answers your questions already knows your business and your needs.\n<\/p><\/div><\/div>\t\t\t\t<\/div>\n\t\t\t\t<\/div>\n\t\t\t\t\t<\/div>\n\t\t<\/div>\n\t\t\t\t\t<\/div>\n\t\t<\/section>\n\t\t\t\t\t<\/div>\n\t\t<\/div>\n\t\t\t\t\t<\/div>\n\t\t<\/section>\n\t\t\t\t<section class=\"elementor-section elementor-top-section elementor-element elementor-element-59cb46fe elementor-section-full_width elementor-section-stretched elementor-section-height-default elementor-section-height-default\" data-id=\"59cb46fe\" data-element_type=\"section\" data-e-type=\"section\" data-settings=\"{&quot;stretch_section&quot;:&quot;section-stretched&quot;,&quot;background_background&quot;:&quot;classic&quot;}\">\n\t\t\t\t\t\t<div class=\"elementor-container elementor-column-gap-default\">\n\t\t\t\t\t<div class=\"elementor-column elementor-col-100 elementor-top-column elementor-element elementor-element-7293b0c5\" data-id=\"7293b0c5\" data-element_type=\"column\" data-e-type=\"column\" data-settings=\"{&quot;background_background&quot;:&quot;classic&quot;}\">\n\t\t\t<div class=\"elementor-widget-wrap elementor-element-populated\">\n\t\t\t\t\t\t<div class=\"elementor-element elementor-element-7739cd63 elementor-widget elementor-widget-heading\" data-id=\"7739cd63\" data-element_type=\"widget\" data-e-type=\"widget\" data-widget_type=\"heading.default\">\n\t\t\t\t<div class=\"elementor-widget-container\">\n\t\t\t\t\t<h3 class=\"elementor-heading-title elementor-size-default\">Need more information before hiring our services?<\/h3>\t\t\t\t<\/div>\n\t\t\t\t<\/div>\n\t\t\t\t<section class=\"elementor-section elementor-inner-section elementor-element elementor-element-5ce5b199 elementor-section-boxed elementor-section-height-default elementor-section-height-default\" data-id=\"5ce5b199\" data-element_type=\"section\" data-e-type=\"section\" data-settings=\"{&quot;background_background&quot;:&quot;classic&quot;}\">\n\t\t\t\t\t\t<div class=\"elementor-container elementor-column-gap-default\">\n\t\t\t\t\t<div class=\"elementor-column elementor-col-50 elementor-inner-column elementor-element elementor-element-5e46d64b\" data-id=\"5e46d64b\" data-element_type=\"column\" data-e-type=\"column\">\n\t\t\t<div class=\"elementor-widget-wrap elementor-element-populated\">\n\t\t\t\t\t\t<div class=\"elementor-element elementor-element-3fad8742 animated-slow elementor-invisible elementor-widget elementor-widget-xs-call-to-action-box\" data-id=\"3fad8742\" data-element_type=\"widget\" data-e-type=\"widget\" data-settings=\"{&quot;_animation&quot;:&quot;fadeInLeft&quot;}\" data-widget_type=\"xs-call-to-action-box.default\">\n\t\t\t\t<div class=\"elementor-widget-container\">\n\t\t\t\t\t        <div class=\"xs-feature-group\">\n            <div class=\"media\">\n                <div class=\"feature-img d-flex\">\n                    <img loading=\"lazy\" decoding=\"async\" width=\"128\" height=\"128\" src=\"https:\/\/serv3r.net\/wp-content\/uploads\/2022\/09\/10@2x.webp\" class=\"attachment-full size-full wp-image-2273\" alt=\"\" \/>                <\/div>\n                <div class=\"media-body feature-content\">\n                    <h4 class=\"xs-title\">Contact us<\/h4>\n                    <p>We're happy to answer your questions, no matter how long your message.<\/p>\n                    <div class=\"xs-btn-wraper\">\n                        <a href=\"mailto:info@serv3r.net\" class=\"btn btn-secondary\">Send us an e-mail<\/a>\n                    <\/div>\n                <\/div>\n            <\/div>\n            <span class=\"icon icon-dollar watermark-icon\"><\/span>\n        <\/div><!-- .xs-feature-group END -->\n        \t\t\t\t<\/div>\n\t\t\t\t<\/div>\n\t\t\t\t\t<\/div>\n\t\t<\/div>\n\t\t\t\t<div class=\"elementor-column elementor-col-50 elementor-inner-column elementor-element elementor-element-41fec24\" data-id=\"41fec24\" data-element_type=\"column\" data-e-type=\"column\">\n\t\t\t<div class=\"elementor-widget-wrap elementor-element-populated\">\n\t\t\t\t\t\t<div class=\"elementor-element elementor-element-510bc578 animated-slow elementor-invisible elementor-widget elementor-widget-xs-call-to-action-box\" data-id=\"510bc578\" data-element_type=\"widget\" data-e-type=\"widget\" data-settings=\"{&quot;_animation&quot;:&quot;slideInRight&quot;}\" data-widget_type=\"xs-call-to-action-box.default\">\n\t\t\t\t<div class=\"elementor-widget-container\">\n\t\t\t\t\t        <div class=\"xs-feature-group\">\n            <div class=\"media\">\n                <div class=\"feature-img d-flex\">\n                    <img loading=\"lazy\" decoding=\"async\" width=\"128\" height=\"128\" src=\"https:\/\/serv3r.net\/wp-content\/uploads\/2022\/09\/4@2x.webp\" class=\"attachment-full size-full wp-image-2279\" alt=\"\" \/>                <\/div>\n                <div class=\"media-body feature-content\">\n                    <h4 class=\"xs-title\">Make an appointment<\/h4>\n                    <p>If you need a few minutes on the phone to clarify your decision, we'll be happy to do it.<\/p>\n                    <div class=\"xs-btn-wraper\">\n                        <a href=\"https:\/\/calendly.com\/serv3r\/30min\" class=\"btn btn-secondary\">Book an appointment<\/a>\n                    <\/div>\n                <\/div>\n            <\/div>\n            <span class=\"icon icon-dollar watermark-icon\"><\/span>\n        <\/div><!-- .xs-feature-group END -->\n        \t\t\t\t<\/div>\n\t\t\t\t<\/div>\n\t\t\t\t\t<\/div>\n\t\t<\/div>\n\t\t\t\t\t<\/div>\n\t\t<\/section>\n\t\t\t\t\t<\/div>\n\t\t<\/div>\n\t\t\t\t\t<\/div>\n\t\t<\/section>\n\t\t\t\t<\/div>\n\t\t","protected":false},"excerpt":{"rendered":"<p>Fast, high-performance servers for online stores Enhance the speed and performance of your online store with a hosting solution that enables you to deliver an ultra-fast user experience while protecting your customers&#8217; sensitive data. Serv3r.net offers a dedicated server solution for online retailers that adapts to the growth of your business. Our servers deliver smooth [&hellip;]<\/p>\n","protected":false},"author":1,"featured_media":0,"parent":0,"menu_order":0,"comment_status":"closed","ping_status":"closed","template":"","meta":{"_monsterinsights_skip_tracking":false,"_monsterinsights_sitenote_active":false,"_monsterinsights_sitenote_note":"","_monsterinsights_sitenote_category":0,"footnotes":""},"class_list":["post-5088","page","type-page","status-publish","hentry"],"yoast_head":"<!-- This site is optimized with the Yoast SEO Premium plugin v27.2 (Yoast SEO v27.2) - https:\/\/yoast.com\/product\/yoast-seo-premium-wordpress\/ -->\n<title>Servers for online stores - Serv3r.net<\/title>\n<meta name=\"description\" content=\"Serv3r.net offers a dedicated server solution for online retailers that adapts to the growth of your business.\" \/>\n<meta name=\"robots\" content=\"index, follow, max-snippet:-1, max-image-preview:large, max-video-preview:-1\" \/>\n<link rel=\"canonical\" href=\"https:\/\/serv3r.net\/en\/servers-for-online-stores\/\" \/>\n<meta property=\"og:locale\" content=\"en_US\" \/>\n<meta property=\"og:type\" content=\"article\" \/>\n<meta property=\"og:title\" content=\"Host your online store on Serv3r.net\" \/>\n<meta property=\"og:description\" content=\"Serv3r.net offers a dedicated server solution for online retailers that adapts to the growth of your business.\" \/>\n<meta property=\"og:url\" content=\"https:\/\/serv3r.net\/en\/servers-for-online-stores\/\" \/>\n<meta property=\"og:site_name\" content=\"Serv3r.net\" \/>\n<meta property=\"article:modified_time\" content=\"2024-03-21T02:12:49+00:00\" \/>\n<meta property=\"og:image\" content=\"https:\/\/serv3r.net\/wp-content\/uploads\/2022\/12\/logo-graph-1024x538.png\" \/>\n<meta name=\"twitter:card\" content=\"summary_large_image\" \/>\n<meta name=\"twitter:title\" content=\"Servers for online stores\" \/>\n<meta name=\"twitter:label1\" content=\"Est. reading time\" \/>\n\t<meta name=\"twitter:data1\" content=\"3 minutes\" \/>\n<script type=\"application\/ld+json\" class=\"yoast-schema-graph\">{\"@context\":\"https:\/\/schema.org\",\"@graph\":[{\"@type\":\"WebPage\",\"@id\":\"https:\/\/serv3r.net\/en\/servers-for-online-stores\/\",\"url\":\"https:\/\/serv3r.net\/en\/servers-for-online-stores\/\",\"name\":\"Servers for online stores - Serv3r.net\",\"isPartOf\":{\"@id\":\"https:\/\/serv3r.net\/en\/#website\"},\"primaryImageOfPage\":{\"@id\":\"https:\/\/serv3r.net\/en\/servers-for-online-stores\/#primaryimage\"},\"image\":{\"@id\":\"https:\/\/serv3r.net\/en\/servers-for-online-stores\/#primaryimage\"},\"thumbnailUrl\":\"https:\/\/serv3r.net\/wp-content\/uploads\/elementor\/thumbs\/Web-applications-1-qjjdq3ddwsgml47uly7992l8abr08mx8awai4b2d3k.png\",\"datePublished\":\"2023-07-09T05:54:12+00:00\",\"dateModified\":\"2024-03-21T02:12:49+00:00\",\"description\":\"Serv3r.net offers a dedicated server solution for online retailers that adapts to the growth of your business.\",\"breadcrumb\":{\"@id\":\"https:\/\/serv3r.net\/en\/servers-for-online-stores\/#breadcrumb\"},\"inLanguage\":\"en-US\",\"potentialAction\":[{\"@type\":\"ReadAction\",\"target\":[\"https:\/\/serv3r.net\/en\/servers-for-online-stores\/\"]}]},{\"@type\":\"ImageObject\",\"inLanguage\":\"en-US\",\"@id\":\"https:\/\/serv3r.net\/en\/servers-for-online-stores\/#primaryimage\",\"url\":\"https:\/\/serv3r.net\/wp-content\/uploads\/elementor\/thumbs\/Web-applications-1-qjjdq3ddwsgml47uly7992l8abr08mx8awai4b2d3k.png\",\"contentUrl\":\"https:\/\/serv3r.net\/wp-content\/uploads\/elementor\/thumbs\/Web-applications-1-qjjdq3ddwsgml47uly7992l8abr08mx8awai4b2d3k.png\"},{\"@type\":\"BreadcrumbList\",\"@id\":\"https:\/\/serv3r.net\/en\/servers-for-online-stores\/#breadcrumb\",\"itemListElement\":[{\"@type\":\"ListItem\",\"position\":1,\"name\":\"Home\",\"item\":\"https:\/\/serv3r.net\/en\/\"},{\"@type\":\"ListItem\",\"position\":2,\"name\":\"Servers for online stores\"}]},{\"@type\":\"WebSite\",\"@id\":\"https:\/\/serv3r.net\/en\/#website\",\"url\":\"https:\/\/serv3r.net\/en\/\",\"name\":\"Serv3r.net\",\"description\":\"L&#039;h\u00e9bergeur aux valeurs humaines\",\"publisher\":{\"@id\":\"https:\/\/serv3r.net\/en\/#organization\"},\"potentialAction\":[{\"@type\":\"SearchAction\",\"target\":{\"@type\":\"EntryPoint\",\"urlTemplate\":\"https:\/\/serv3r.net\/en\/?s={search_term_string}\"},\"query-input\":{\"@type\":\"PropertyValueSpecification\",\"valueRequired\":true,\"valueName\":\"search_term_string\"}}],\"inLanguage\":\"en-US\"},{\"@type\":\"Organization\",\"@id\":\"https:\/\/serv3r.net\/en\/#organization\",\"name\":\"H\u00e9bergement Serv3r.net Inc\",\"url\":\"https:\/\/serv3r.net\/en\/\",\"logo\":{\"@type\":\"ImageObject\",\"inLanguage\":\"en-US\",\"@id\":\"https:\/\/serv3r.net\/en\/#\/schema\/logo\/image\/\",\"url\":\"https:\/\/serv3r.net\/wp-content\/uploads\/2022\/12\/icon-serv3r-1.webp\",\"contentUrl\":\"https:\/\/serv3r.net\/wp-content\/uploads\/2022\/12\/icon-serv3r-1.webp\",\"width\":310,\"height\":310,\"caption\":\"H\u00e9bergement Serv3r.net Inc\"},\"image\":{\"@id\":\"https:\/\/serv3r.net\/en\/#\/schema\/logo\/image\/\"},\"description\":\"Serv3r.net est un h\u00e9bergeur de serveurs d\u00e9di\u00e9s et de VPS bas\u00e9 \u00e0 Montr\u00e9al, Canada. Notre histoire et notre exp\u00e9rience dans l\u2019industrie de l\u2019h\u00e9bergement web au Qu\u00e9bec remontent d\u00e9j\u00e0 \u00e0 bient\u00f4t 10 ans.\",\"email\":\"info@serv3r.net\",\"telephone\":\"1-888-391-7563\",\"legalName\":\"H\u00e9bergement Serv3r.net Inc\",\"foundingDate\":\"2023-02-24\",\"numberOfEmployees\":{\"@type\":\"QuantitativeValue\",\"minValue\":\"1\",\"maxValue\":\"10\"}}]}<\/script>\n<!-- \/ Yoast SEO Premium plugin. -->","yoast_head_json":{"title":"Servers for online stores - Serv3r.net","description":"Serv3r.net offers a dedicated server solution for online retailers that adapts to the growth of your business.","robots":{"index":"index","follow":"follow","max-snippet":"max-snippet:-1","max-image-preview":"max-image-preview:large","max-video-preview":"max-video-preview:-1"},"canonical":"https:\/\/serv3r.net\/en\/servers-for-online-stores\/","og_locale":"en_US","og_type":"article","og_title":"Host your online store on Serv3r.net","og_description":"Serv3r.net offers a dedicated server solution for online retailers that adapts to the growth of your business.","og_url":"https:\/\/serv3r.net\/en\/servers-for-online-stores\/","og_site_name":"Serv3r.net","article_modified_time":"2024-03-21T02:12:49+00:00","og_image":[{"url":"https:\/\/serv3r.net\/wp-content\/uploads\/2022\/12\/logo-graph-1024x538.png","type":"","width":"","height":""}],"twitter_card":"summary_large_image","twitter_title":"Servers for online stores","twitter_misc":{"Est. reading time":"3 minutes"},"schema":{"@context":"https:\/\/schema.org","@graph":[{"@type":"WebPage","@id":"https:\/\/serv3r.net\/en\/servers-for-online-stores\/","url":"https:\/\/serv3r.net\/en\/servers-for-online-stores\/","name":"Servers for online stores - Serv3r.net","isPartOf":{"@id":"https:\/\/serv3r.net\/en\/#website"},"primaryImageOfPage":{"@id":"https:\/\/serv3r.net\/en\/servers-for-online-stores\/#primaryimage"},"image":{"@id":"https:\/\/serv3r.net\/en\/servers-for-online-stores\/#primaryimage"},"thumbnailUrl":"https:\/\/serv3r.net\/wp-content\/uploads\/elementor\/thumbs\/Web-applications-1-qjjdq3ddwsgml47uly7992l8abr08mx8awai4b2d3k.png","datePublished":"2023-07-09T05:54:12+00:00","dateModified":"2024-03-21T02:12:49+00:00","description":"Serv3r.net offers a dedicated server solution for online retailers that adapts to the growth of your business.","breadcrumb":{"@id":"https:\/\/serv3r.net\/en\/servers-for-online-stores\/#breadcrumb"},"inLanguage":"en-US","potentialAction":[{"@type":"ReadAction","target":["https:\/\/serv3r.net\/en\/servers-for-online-stores\/"]}]},{"@type":"ImageObject","inLanguage":"en-US","@id":"https:\/\/serv3r.net\/en\/servers-for-online-stores\/#primaryimage","url":"https:\/\/serv3r.net\/wp-content\/uploads\/elementor\/thumbs\/Web-applications-1-qjjdq3ddwsgml47uly7992l8abr08mx8awai4b2d3k.png","contentUrl":"https:\/\/serv3r.net\/wp-content\/uploads\/elementor\/thumbs\/Web-applications-1-qjjdq3ddwsgml47uly7992l8abr08mx8awai4b2d3k.png"},{"@type":"BreadcrumbList","@id":"https:\/\/serv3r.net\/en\/servers-for-online-stores\/#breadcrumb","itemListElement":[{"@type":"ListItem","position":1,"name":"Home","item":"https:\/\/serv3r.net\/en\/"},{"@type":"ListItem","position":2,"name":"Servers for online stores"}]},{"@type":"WebSite","@id":"https:\/\/serv3r.net\/en\/#website","url":"https:\/\/serv3r.net\/en\/","name":"Serv3r.net","description":"L&#039;h\u00e9bergeur aux valeurs humaines","publisher":{"@id":"https:\/\/serv3r.net\/en\/#organization"},"potentialAction":[{"@type":"SearchAction","target":{"@type":"EntryPoint","urlTemplate":"https:\/\/serv3r.net\/en\/?s={search_term_string}"},"query-input":{"@type":"PropertyValueSpecification","valueRequired":true,"valueName":"search_term_string"}}],"inLanguage":"en-US"},{"@type":"Organization","@id":"https:\/\/serv3r.net\/en\/#organization","name":"H\u00e9bergement Serv3r.net Inc","url":"https:\/\/serv3r.net\/en\/","logo":{"@type":"ImageObject","inLanguage":"en-US","@id":"https:\/\/serv3r.net\/en\/#\/schema\/logo\/image\/","url":"https:\/\/serv3r.net\/wp-content\/uploads\/2022\/12\/icon-serv3r-1.webp","contentUrl":"https:\/\/serv3r.net\/wp-content\/uploads\/2022\/12\/icon-serv3r-1.webp","width":310,"height":310,"caption":"H\u00e9bergement Serv3r.net Inc"},"image":{"@id":"https:\/\/serv3r.net\/en\/#\/schema\/logo\/image\/"},"description":"Serv3r.net est un h\u00e9bergeur de serveurs d\u00e9di\u00e9s et de VPS bas\u00e9 \u00e0 Montr\u00e9al, Canada. Notre histoire et notre exp\u00e9rience dans l\u2019industrie de l\u2019h\u00e9bergement web au Qu\u00e9bec remontent d\u00e9j\u00e0 \u00e0 bient\u00f4t 10 ans.","email":"info@serv3r.net","telephone":"1-888-391-7563","legalName":"H\u00e9bergement Serv3r.net Inc","foundingDate":"2023-02-24","numberOfEmployees":{"@type":"QuantitativeValue","minValue":"1","maxValue":"10"}}]}},"_links":{"self":[{"href":"https:\/\/serv3r.net\/en\/wp-json\/wp\/v2\/pages\/5088","targetHints":{"allow":["GET"]}}],"collection":[{"href":"https:\/\/serv3r.net\/en\/wp-json\/wp\/v2\/pages"}],"about":[{"href":"https:\/\/serv3r.net\/en\/wp-json\/wp\/v2\/types\/page"}],"author":[{"embeddable":true,"href":"https:\/\/serv3r.net\/en\/wp-json\/wp\/v2\/users\/1"}],"replies":[{"embeddable":true,"href":"https:\/\/serv3r.net\/en\/wp-json\/wp\/v2\/comments?post=5088"}],"version-history":[{"count":2,"href":"https:\/\/serv3r.net\/en\/wp-json\/wp\/v2\/pages\/5088\/revisions"}],"predecessor-version":[{"id":5104,"href":"https:\/\/serv3r.net\/en\/wp-json\/wp\/v2\/pages\/5088\/revisions\/5104"}],"wp:attachment":[{"href":"https:\/\/serv3r.net\/en\/wp-json\/wp\/v2\/media?parent=5088"}],"curies":[{"name":"wp","href":"https:\/\/api.w.org\/{rel}","templated":true}]}}