{"id":5086,"date":"2023-07-10T21:57:33","date_gmt":"2023-07-11T01:57:33","guid":{"rendered":"https:\/\/serv3r.net\/storage-servers\/"},"modified":"2024-03-20T22:11:11","modified_gmt":"2024-03-21T02:11:11","slug":"storage-servers","status":"publish","type":"page","link":"https:\/\/serv3r.net\/en\/storage-servers\/","title":{"rendered":"Storage servers"},"content":{"rendered":"\t\t<div data-elementor-type=\"wp-page\" data-elementor-id=\"5086\" class=\"elementor elementor-5086 elementor-3389\" data-elementor-post-type=\"page\">\n\t\t\t\t\t\t<section class=\"elementor-section elementor-top-section elementor-element elementor-element-89f10dc elementor-section-content-middle elementor-section-boxed elementor-section-height-default elementor-section-height-default\" data-id=\"89f10dc\" data-element_type=\"section\" data-e-type=\"section\">\n\t\t\t\t\t\t<div class=\"elementor-container elementor-column-gap-default\">\n\t\t\t\t\t<div class=\"elementor-column elementor-col-50 elementor-top-column elementor-element elementor-element-456549d\" data-id=\"456549d\" data-element_type=\"column\" data-e-type=\"column\">\n\t\t\t<div class=\"elementor-widget-wrap elementor-element-populated\">\n\t\t\t\t\t\t<div class=\"elementor-element elementor-element-99118ff elementor-widget elementor-widget-heading\" data-id=\"99118ff\" data-element_type=\"widget\" data-e-type=\"widget\" data-widget_type=\"heading.default\">\n\t\t\t\t<div class=\"elementor-widget-container\">\n\t\t\t\t\t<h2 class=\"elementor-heading-title elementor-size-default\"><span style=\"color:#0c4cff\"> Storage solutions<\/span> that minimize bandwidth and infrastructure costs<\/h2>\t\t\t\t<\/div>\n\t\t\t\t<\/div>\n\t\t\t\t<section class=\"elementor-section elementor-inner-section elementor-element elementor-element-9889a02 elementor-section-boxed elementor-section-height-default elementor-section-height-default\" data-id=\"9889a02\" data-element_type=\"section\" data-e-type=\"section\">\n\t\t\t\t\t\t<div class=\"elementor-container elementor-column-gap-default\">\n\t\t\t\t\t<div class=\"elementor-column elementor-col-100 elementor-inner-column elementor-element elementor-element-c209ce8\" data-id=\"c209ce8\" data-element_type=\"column\" data-e-type=\"column\">\n\t\t\t<div class=\"elementor-widget-wrap elementor-element-populated\">\n\t\t\t\t\t\t<div class=\"elementor-element elementor-element-da837ee elementor-widget elementor-widget-text-editor\" data-id=\"da837ee\" data-element_type=\"widget\" data-e-type=\"widget\" data-widget_type=\"text-editor.default\">\n\t\t\t\t<div class=\"elementor-widget-container\">\n\t\t\t\t\t\t\t\t\t<p>You need a storage partner who can adapt to your growing data needs while guaranteeing maximum availability.<\/p>\n\t\t\t\t\t\t\t\t<\/div>\n\t\t\t\t<\/div>\n\t\t\t\t<div class=\"elementor-element elementor-element-e3af447 elementor-widget elementor-widget-text-editor\" data-id=\"e3af447\" data-element_type=\"widget\" data-e-type=\"widget\" data-widget_type=\"text-editor.default\">\n\t\t\t\t<div class=\"elementor-widget-container\">\n\t\t\t\t\t\t\t\t\t<p>Serv3r.net&#8217;s dedicated servers are designed to meet your company&#8217;s data challenges. They are optimized for storage and are completely private. Each of these dedicated servers is an enterprise-grade server housed in a data center designed to exceed security and confidentiality standards.<\/p>\n\t\t\t\t\t\t\t\t<\/div>\n\t\t\t\t<\/div>\n\t\t\t\t\t<\/div>\n\t\t<\/div>\n\t\t\t\t\t<\/div>\n\t\t<\/section>\n\t\t\t\t\t<\/div>\n\t\t<\/div>\n\t\t\t\t<div class=\"elementor-column elementor-col-50 elementor-top-column elementor-element elementor-element-cde2526\" data-id=\"cde2526\" data-element_type=\"column\" data-e-type=\"column\">\n\t\t\t<div class=\"elementor-widget-wrap elementor-element-populated\">\n\t\t\t\t\t\t<div class=\"elementor-element elementor-element-88ebeea animated-slow elementor-invisible elementor-widget elementor-widget-image\" data-id=\"88ebeea\" data-element_type=\"widget\" data-e-type=\"widget\" data-settings=\"{&quot;_animation&quot;:&quot;slideInRight&quot;,&quot;_animation_delay&quot;:300}\" data-widget_type=\"image.default\">\n\t\t\t\t<div class=\"elementor-widget-container\">\n\t\t\t\t\t\t\t\t\t\t\t\t\t\t\t<img decoding=\"async\" src=\"https:\/\/serv3r.net\/wp-content\/uploads\/elementor\/thumbs\/Data-Security-and-Privacy-1-qjjdcilb6xvivvxtw2x98hxjdyo5210t3p20kf72z4.png\" title=\"Data-Security-and-Privacy-1\" alt=\"Data Security and Privacy 1\" loading=\"lazy\" \/>\t\t\t\t\t\t\t\t\t\t\t\t\t\t\t<\/div>\n\t\t\t\t<\/div>\n\t\t\t\t\t<\/div>\n\t\t<\/div>\n\t\t\t\t\t<\/div>\n\t\t<\/section>\n\t\t\t\t<section class=\"elementor-section elementor-top-section elementor-element elementor-element-6c9173e elementor-section-stretched elementor-section-boxed elementor-section-height-default elementor-section-height-default\" data-id=\"6c9173e\" data-element_type=\"section\" data-e-type=\"section\" data-settings=\"{&quot;stretch_section&quot;:&quot;section-stretched&quot;,&quot;background_background&quot;:&quot;classic&quot;}\">\n\t\t\t\t\t\t<div class=\"elementor-container elementor-column-gap-default\">\n\t\t\t\t\t<div class=\"elementor-column elementor-col-100 elementor-top-column elementor-element elementor-element-7337e707\" data-id=\"7337e707\" data-element_type=\"column\" data-e-type=\"column\">\n\t\t\t<div class=\"elementor-widget-wrap elementor-element-populated\">\n\t\t\t\t\t\t<div class=\"elementor-element elementor-element-5d065336 elementor-widget elementor-widget-heading\" data-id=\"5d065336\" data-element_type=\"widget\" data-e-type=\"widget\" data-widget_type=\"heading.default\">\n\t\t\t\t<div class=\"elementor-widget-container\">\n\t\t\t\t\t<h2 class=\"elementor-heading-title elementor-size-default\"><span style=\"color:#0c4cff\">Three ways<\/span> Serv3r.net is transforming the storage server experience<\/h2>\t\t\t\t<\/div>\n\t\t\t\t<\/div>\n\t\t\t\t<section class=\"elementor-section elementor-inner-section elementor-element elementor-element-44b69cd8 elementor-section-boxed elementor-section-height-default elementor-section-height-default\" data-id=\"44b69cd8\" data-element_type=\"section\" data-e-type=\"section\">\n\t\t\t\t\t\t<div class=\"elementor-container elementor-column-gap-default\">\n\t\t\t\t\t<div class=\"elementor-column elementor-col-100 elementor-inner-column elementor-element elementor-element-77d4d261\" data-id=\"77d4d261\" data-element_type=\"column\" data-e-type=\"column\">\n\t\t\t<div class=\"elementor-widget-wrap elementor-element-populated\">\n\t\t\t\t\t\t<div class=\"elementor-element elementor-element-4ae0a53d elementor-position-left animated-slow elementor-vertical-align-top elementor-invisible elementor-widget elementor-widget-image-box\" data-id=\"4ae0a53d\" data-element_type=\"widget\" data-e-type=\"widget\" data-settings=\"{&quot;_animation&quot;:&quot;slideInLeft&quot;}\" data-widget_type=\"image-box.default\">\n\t\t\t\t<div class=\"elementor-widget-container\">\n\t\t\t\t\t<div class=\"elementor-image-box-wrapper\"><figure class=\"elementor-image-box-img\"><img fetchpriority=\"high\" decoding=\"async\" width=\"256\" height=\"256\" src=\"https:\/\/serv3r.net\/wp-content\/uploads\/2024\/02\/Customizable-and-scalable.png\" class=\"attachment-full size-full wp-image-5004\" alt=\"Customizable and scalable\" srcset=\"https:\/\/serv3r.net\/wp-content\/uploads\/2024\/02\/Customizable-and-scalable.png 256w, https:\/\/serv3r.net\/wp-content\/uploads\/2024\/02\/Customizable-and-scalable-150x150.png 150w\" sizes=\"(max-width: 256px) 100vw, 256px\" \/><\/figure><div class=\"elementor-image-box-content\"><h3 class=\"elementor-image-box-title\">Customizable and scalable<\/h3><p class=\"elementor-image-box-description\">Do you need to archive seldom-used data in large quantities, share documents with many employees on a daily basis, or store small business documents securely? All these needs call for a tailored solution.\n\nWe can develop a customized solution for you if you need something beyond our standard configurations or have specific network requirements.<\/p><\/div><\/div>\t\t\t\t<\/div>\n\t\t\t\t<\/div>\n\t\t\t\t<div class=\"elementor-element elementor-element-76be597f elementor-position-left animated-slow elementor-vertical-align-top elementor-invisible elementor-widget elementor-widget-image-box\" data-id=\"76be597f\" data-element_type=\"widget\" data-e-type=\"widget\" data-settings=\"{&quot;_animation&quot;:&quot;slideInRight&quot;}\" data-widget_type=\"image-box.default\">\n\t\t\t\t<div class=\"elementor-widget-container\">\n\t\t\t\t\t<div class=\"elementor-image-box-wrapper\"><figure class=\"elementor-image-box-img\"><img decoding=\"async\" src=\"https:\/\/serv3r.net\/wp-content\/uploads\/elementor\/thumbs\/Unparalleled-security-qjjdojwv9tdsxd88qvlyg94gveqnp3t72kt892kbbe.png\" title=\"Unparalleled-security\" alt=\"Unparalleled security\" loading=\"lazy\" \/><\/figure><div class=\"elementor-image-box-content\"><h3 class=\"elementor-image-box-title\">Unrivalled safety<\/h3><p class=\"elementor-image-box-description\">Data is exposed to the risks of human error, hardware failure, natural disasters and other environmental problems. It's important to have a reliable partner to ensure the security of your data.\nYour Serv3r.net dedicated server is hosted in our data center, which complies with best security practices and industry standards such as SSAE16, Type II and SAS70 Type II. Your data is protected by advanced fire protection and monitored 24\/7 by on-site security guards.<\/p><\/div><\/div>\t\t\t\t<\/div>\n\t\t\t\t<\/div>\n\t\t\t\t<div class=\"elementor-element elementor-element-170d553f elementor-position-left animated-slow elementor-vertical-align-top elementor-invisible elementor-widget elementor-widget-image-box\" data-id=\"170d553f\" data-element_type=\"widget\" data-e-type=\"widget\" data-settings=\"{&quot;_animation&quot;:&quot;slideInLeft&quot;}\" data-widget_type=\"image-box.default\">\n\t\t\t\t<div class=\"elementor-widget-container\">\n\t\t\t\t\t<div class=\"elementor-image-box-wrapper\"><figure class=\"elementor-image-box-img\"><img decoding=\"async\" src=\"https:\/\/serv3r.net\/wp-content\/uploads\/elementor\/thumbs\/Data-Security-and-Privacy-1-1-qjjdtyhgkis5ondm6ppqae0vu63myg9mtbuqlcjtje.png\" title=\"Data-Security-and-Privacy-1\" alt=\"Data Security and Privacy\" loading=\"lazy\" \/><\/figure><div class=\"elementor-image-box-content\"><h3 class=\"elementor-image-box-title\">Protecting your company data<\/h3><p class=\"elementor-image-box-description\">As a fundamental element of your infrastructure, a dedicated storage server must be reliable, available and protected against hardware and power failures.\nOur storage servers are designed and optimized to guarantee data security. Each unit is built from top-quality professional components for maximum reliability, including quality hard disks, disk controllers and RAM.\n<\/p><\/div><\/div>\t\t\t\t<\/div>\n\t\t\t\t<\/div>\n\t\t\t\t\t<\/div>\n\t\t<\/div>\n\t\t\t\t\t<\/div>\n\t\t<\/section>\n\t\t\t\t\t<\/div>\n\t\t<\/div>\n\t\t\t\t\t<\/div>\n\t\t<\/section>\n\t\t\t\t<section class=\"elementor-section elementor-top-section elementor-element elementor-element-73c32e21 elementor-section-full_width elementor-section-stretched elementor-section-height-default elementor-section-height-default\" data-id=\"73c32e21\" data-element_type=\"section\" data-e-type=\"section\" data-settings=\"{&quot;stretch_section&quot;:&quot;section-stretched&quot;,&quot;background_background&quot;:&quot;classic&quot;}\">\n\t\t\t\t\t\t<div class=\"elementor-container elementor-column-gap-default\">\n\t\t\t\t\t<div class=\"elementor-column elementor-col-100 elementor-top-column elementor-element elementor-element-623047aa\" data-id=\"623047aa\" data-element_type=\"column\" data-e-type=\"column\" data-settings=\"{&quot;background_background&quot;:&quot;classic&quot;}\">\n\t\t\t<div class=\"elementor-widget-wrap elementor-element-populated\">\n\t\t\t\t\t\t<div class=\"elementor-element elementor-element-314e0c38 elementor-widget elementor-widget-heading\" data-id=\"314e0c38\" data-element_type=\"widget\" data-e-type=\"widget\" data-widget_type=\"heading.default\">\n\t\t\t\t<div class=\"elementor-widget-container\">\n\t\t\t\t\t<h2 class=\"elementor-heading-title elementor-size-default\">Need more information before hiring our services?<\/h2>\t\t\t\t<\/div>\n\t\t\t\t<\/div>\n\t\t\t\t<section class=\"elementor-section elementor-inner-section elementor-element elementor-element-34039c4f elementor-section-boxed elementor-section-height-default elementor-section-height-default\" data-id=\"34039c4f\" data-element_type=\"section\" data-e-type=\"section\" data-settings=\"{&quot;background_background&quot;:&quot;classic&quot;}\">\n\t\t\t\t\t\t<div class=\"elementor-container elementor-column-gap-default\">\n\t\t\t\t\t<div class=\"elementor-column elementor-col-50 elementor-inner-column elementor-element elementor-element-4acfe8b5\" data-id=\"4acfe8b5\" data-element_type=\"column\" data-e-type=\"column\">\n\t\t\t<div class=\"elementor-widget-wrap elementor-element-populated\">\n\t\t\t\t\t\t<div class=\"elementor-element elementor-element-6d2fd133 animated-slow elementor-invisible elementor-widget elementor-widget-xs-call-to-action-box\" data-id=\"6d2fd133\" data-element_type=\"widget\" data-e-type=\"widget\" data-settings=\"{&quot;_animation&quot;:&quot;fadeInLeft&quot;}\" data-widget_type=\"xs-call-to-action-box.default\">\n\t\t\t\t<div class=\"elementor-widget-container\">\n\t\t\t\t\t        <div class=\"xs-feature-group\">\n            <div class=\"media\">\n                <div class=\"feature-img d-flex\">\n                    <img decoding=\"async\" width=\"128\" height=\"128\" src=\"https:\/\/serv3r.net\/wp-content\/uploads\/2022\/09\/10@2x.webp\" class=\"attachment-full size-full wp-image-2273\" alt=\"\" \/>                <\/div>\n                <div class=\"media-body feature-content\">\n                    <h4 class=\"xs-title\">Contact us<\/h4>\n                    <p>We're happy to answer your questions, no matter how long your message.<\/p>\n                    <div class=\"xs-btn-wraper\">\n                        <a href=\"mailto:info@serv3r.net\" class=\"btn btn-secondary\">Send us an e-mail<\/a>\n                    <\/div>\n                <\/div>\n            <\/div>\n            <span class=\"icon icon-dollar watermark-icon\"><\/span>\n        <\/div><!-- .xs-feature-group END -->\n        \t\t\t\t<\/div>\n\t\t\t\t<\/div>\n\t\t\t\t\t<\/div>\n\t\t<\/div>\n\t\t\t\t<div class=\"elementor-column elementor-col-50 elementor-inner-column elementor-element elementor-element-7c5d4e2a\" data-id=\"7c5d4e2a\" data-element_type=\"column\" data-e-type=\"column\">\n\t\t\t<div class=\"elementor-widget-wrap elementor-element-populated\">\n\t\t\t\t\t\t<div class=\"elementor-element elementor-element-74c3d632 animated-slow elementor-invisible elementor-widget elementor-widget-xs-call-to-action-box\" data-id=\"74c3d632\" data-element_type=\"widget\" data-e-type=\"widget\" data-settings=\"{&quot;_animation&quot;:&quot;slideInRight&quot;}\" data-widget_type=\"xs-call-to-action-box.default\">\n\t\t\t\t<div class=\"elementor-widget-container\">\n\t\t\t\t\t        <div class=\"xs-feature-group\">\n            <div class=\"media\">\n                <div class=\"feature-img d-flex\">\n                    <img decoding=\"async\" width=\"128\" height=\"128\" src=\"https:\/\/serv3r.net\/wp-content\/uploads\/2022\/09\/4@2x.webp\" class=\"attachment-full size-full wp-image-2279\" alt=\"\" \/>                <\/div>\n                <div class=\"media-body feature-content\">\n                    <h4 class=\"xs-title\">Make an appointment<\/h4>\n                    <p>If you need a few minutes on the phone to clarify your decision, we'll be happy to do it.<\/p>\n                    <div class=\"xs-btn-wraper\">\n                        <a href=\"https:\/\/calendly.com\/serv3r\/30min\" class=\"btn btn-secondary\">Book an appointment<\/a>\n                    <\/div>\n                <\/div>\n            <\/div>\n            <span class=\"icon icon-dollar watermark-icon\"><\/span>\n        <\/div><!-- .xs-feature-group END -->\n        \t\t\t\t<\/div>\n\t\t\t\t<\/div>\n\t\t\t\t\t<\/div>\n\t\t<\/div>\n\t\t\t\t\t<\/div>\n\t\t<\/section>\n\t\t\t\t\t<\/div>\n\t\t<\/div>\n\t\t\t\t\t<\/div>\n\t\t<\/section>\n\t\t\t\t<\/div>\n\t\t","protected":false},"excerpt":{"rendered":"<p>Storage solutions that minimize bandwidth and infrastructure costs You need a storage partner who can adapt to your growing data needs while guaranteeing maximum availability. Serv3r.net&#8217;s dedicated servers are designed to meet your company&#8217;s data challenges. They are optimized for storage and are completely private. Each of these dedicated servers is an enterprise-grade server housed [&hellip;]<\/p>\n","protected":false},"author":1,"featured_media":0,"parent":0,"menu_order":0,"comment_status":"closed","ping_status":"closed","template":"","meta":{"_monsterinsights_skip_tracking":false,"_monsterinsights_sitenote_active":false,"_monsterinsights_sitenote_note":"","_monsterinsights_sitenote_category":0,"footnotes":""},"class_list":["post-5086","page","type-page","status-publish","hentry"],"yoast_head":"<!-- This site is optimized with the Yoast SEO Premium plugin v27.2 (Yoast SEO v27.2) - https:\/\/yoast.com\/product\/yoast-seo-premium-wordpress\/ -->\n<title>Storage servers - Serv3r.net<\/title>\n<meta name=\"description\" content=\"Serv3r.net&#039;s dedicated servers are designed to meet your company&#039;s data challenges\" \/>\n<meta name=\"robots\" content=\"index, follow, max-snippet:-1, max-image-preview:large, max-video-preview:-1\" \/>\n<link rel=\"canonical\" href=\"https:\/\/serv3r.net\/en\/storage-servers\/\" \/>\n<meta property=\"og:locale\" content=\"en_US\" \/>\n<meta property=\"og:type\" content=\"article\" \/>\n<meta property=\"og:title\" content=\"Host your data on Serv3r.net\" \/>\n<meta property=\"og:description\" content=\"Serv3r.net&#039;s dedicated servers are designed to meet your company&#039;s data challenges\" \/>\n<meta property=\"og:url\" content=\"https:\/\/serv3r.net\/en\/storage-servers\/\" \/>\n<meta property=\"og:site_name\" content=\"Serv3r.net\" \/>\n<meta property=\"article:modified_time\" content=\"2024-03-21T02:11:11+00:00\" \/>\n<meta property=\"og:image\" content=\"https:\/\/serv3r.net\/wp-content\/uploads\/2022\/12\/logo-graph-1024x538.png\" \/>\n<meta name=\"twitter:card\" content=\"summary_large_image\" \/>\n<meta name=\"twitter:title\" content=\"Storage servers\" \/>\n<meta name=\"twitter:label1\" content=\"Est. reading time\" \/>\n\t<meta name=\"twitter:data1\" content=\"3 minutes\" \/>\n<script type=\"application\/ld+json\" class=\"yoast-schema-graph\">{\"@context\":\"https:\/\/schema.org\",\"@graph\":[{\"@type\":\"WebPage\",\"@id\":\"https:\/\/serv3r.net\/en\/storage-servers\/\",\"url\":\"https:\/\/serv3r.net\/en\/storage-servers\/\",\"name\":\"Storage servers - Serv3r.net\",\"isPartOf\":{\"@id\":\"https:\/\/serv3r.net\/en\/#website\"},\"primaryImageOfPage\":{\"@id\":\"https:\/\/serv3r.net\/en\/storage-servers\/#primaryimage\"},\"image\":{\"@id\":\"https:\/\/serv3r.net\/en\/storage-servers\/#primaryimage\"},\"thumbnailUrl\":\"https:\/\/serv3r.net\/wp-content\/uploads\/elementor\/thumbs\/Data-Security-and-Privacy-1-qjjdcilb6xvivvxtw2x98hxjdyo5210t3p20kf72z4.png\",\"datePublished\":\"2023-07-11T01:57:33+00:00\",\"dateModified\":\"2024-03-21T02:11:11+00:00\",\"description\":\"Serv3r.net's dedicated servers are designed to meet your company's data challenges\",\"breadcrumb\":{\"@id\":\"https:\/\/serv3r.net\/en\/storage-servers\/#breadcrumb\"},\"inLanguage\":\"en-US\",\"potentialAction\":[{\"@type\":\"ReadAction\",\"target\":[\"https:\/\/serv3r.net\/en\/storage-servers\/\"]}]},{\"@type\":\"ImageObject\",\"inLanguage\":\"en-US\",\"@id\":\"https:\/\/serv3r.net\/en\/storage-servers\/#primaryimage\",\"url\":\"https:\/\/serv3r.net\/wp-content\/uploads\/elementor\/thumbs\/Data-Security-and-Privacy-1-qjjdcilb6xvivvxtw2x98hxjdyo5210t3p20kf72z4.png\",\"contentUrl\":\"https:\/\/serv3r.net\/wp-content\/uploads\/elementor\/thumbs\/Data-Security-and-Privacy-1-qjjdcilb6xvivvxtw2x98hxjdyo5210t3p20kf72z4.png\"},{\"@type\":\"BreadcrumbList\",\"@id\":\"https:\/\/serv3r.net\/en\/storage-servers\/#breadcrumb\",\"itemListElement\":[{\"@type\":\"ListItem\",\"position\":1,\"name\":\"Home\",\"item\":\"https:\/\/serv3r.net\/en\/\"},{\"@type\":\"ListItem\",\"position\":2,\"name\":\"Storage servers\"}]},{\"@type\":\"WebSite\",\"@id\":\"https:\/\/serv3r.net\/en\/#website\",\"url\":\"https:\/\/serv3r.net\/en\/\",\"name\":\"Serv3r.net\",\"description\":\"L&#039;h\u00e9bergeur aux valeurs humaines\",\"publisher\":{\"@id\":\"https:\/\/serv3r.net\/en\/#organization\"},\"potentialAction\":[{\"@type\":\"SearchAction\",\"target\":{\"@type\":\"EntryPoint\",\"urlTemplate\":\"https:\/\/serv3r.net\/en\/?s={search_term_string}\"},\"query-input\":{\"@type\":\"PropertyValueSpecification\",\"valueRequired\":true,\"valueName\":\"search_term_string\"}}],\"inLanguage\":\"en-US\"},{\"@type\":\"Organization\",\"@id\":\"https:\/\/serv3r.net\/en\/#organization\",\"name\":\"H\u00e9bergement Serv3r.net Inc\",\"url\":\"https:\/\/serv3r.net\/en\/\",\"logo\":{\"@type\":\"ImageObject\",\"inLanguage\":\"en-US\",\"@id\":\"https:\/\/serv3r.net\/en\/#\/schema\/logo\/image\/\",\"url\":\"https:\/\/serv3r.net\/wp-content\/uploads\/2022\/12\/icon-serv3r-1.webp\",\"contentUrl\":\"https:\/\/serv3r.net\/wp-content\/uploads\/2022\/12\/icon-serv3r-1.webp\",\"width\":310,\"height\":310,\"caption\":\"H\u00e9bergement Serv3r.net Inc\"},\"image\":{\"@id\":\"https:\/\/serv3r.net\/en\/#\/schema\/logo\/image\/\"},\"description\":\"Serv3r.net est un h\u00e9bergeur de serveurs d\u00e9di\u00e9s et de VPS bas\u00e9 \u00e0 Montr\u00e9al, Canada. Notre histoire et notre exp\u00e9rience dans l\u2019industrie de l\u2019h\u00e9bergement web au Qu\u00e9bec remontent d\u00e9j\u00e0 \u00e0 bient\u00f4t 10 ans.\",\"email\":\"info@serv3r.net\",\"telephone\":\"1-888-391-7563\",\"legalName\":\"H\u00e9bergement Serv3r.net Inc\",\"foundingDate\":\"2023-02-24\",\"numberOfEmployees\":{\"@type\":\"QuantitativeValue\",\"minValue\":\"1\",\"maxValue\":\"10\"}}]}<\/script>\n<!-- \/ Yoast SEO Premium plugin. -->","yoast_head_json":{"title":"Storage servers - Serv3r.net","description":"Serv3r.net's dedicated servers are designed to meet your company's data challenges","robots":{"index":"index","follow":"follow","max-snippet":"max-snippet:-1","max-image-preview":"max-image-preview:large","max-video-preview":"max-video-preview:-1"},"canonical":"https:\/\/serv3r.net\/en\/storage-servers\/","og_locale":"en_US","og_type":"article","og_title":"Host your data on Serv3r.net","og_description":"Serv3r.net's dedicated servers are designed to meet your company's data challenges","og_url":"https:\/\/serv3r.net\/en\/storage-servers\/","og_site_name":"Serv3r.net","article_modified_time":"2024-03-21T02:11:11+00:00","og_image":[{"url":"https:\/\/serv3r.net\/wp-content\/uploads\/2022\/12\/logo-graph-1024x538.png","type":"","width":"","height":""}],"twitter_card":"summary_large_image","twitter_title":"Storage servers","twitter_misc":{"Est. reading time":"3 minutes"},"schema":{"@context":"https:\/\/schema.org","@graph":[{"@type":"WebPage","@id":"https:\/\/serv3r.net\/en\/storage-servers\/","url":"https:\/\/serv3r.net\/en\/storage-servers\/","name":"Storage servers - Serv3r.net","isPartOf":{"@id":"https:\/\/serv3r.net\/en\/#website"},"primaryImageOfPage":{"@id":"https:\/\/serv3r.net\/en\/storage-servers\/#primaryimage"},"image":{"@id":"https:\/\/serv3r.net\/en\/storage-servers\/#primaryimage"},"thumbnailUrl":"https:\/\/serv3r.net\/wp-content\/uploads\/elementor\/thumbs\/Data-Security-and-Privacy-1-qjjdcilb6xvivvxtw2x98hxjdyo5210t3p20kf72z4.png","datePublished":"2023-07-11T01:57:33+00:00","dateModified":"2024-03-21T02:11:11+00:00","description":"Serv3r.net's dedicated servers are designed to meet your company's data challenges","breadcrumb":{"@id":"https:\/\/serv3r.net\/en\/storage-servers\/#breadcrumb"},"inLanguage":"en-US","potentialAction":[{"@type":"ReadAction","target":["https:\/\/serv3r.net\/en\/storage-servers\/"]}]},{"@type":"ImageObject","inLanguage":"en-US","@id":"https:\/\/serv3r.net\/en\/storage-servers\/#primaryimage","url":"https:\/\/serv3r.net\/wp-content\/uploads\/elementor\/thumbs\/Data-Security-and-Privacy-1-qjjdcilb6xvivvxtw2x98hxjdyo5210t3p20kf72z4.png","contentUrl":"https:\/\/serv3r.net\/wp-content\/uploads\/elementor\/thumbs\/Data-Security-and-Privacy-1-qjjdcilb6xvivvxtw2x98hxjdyo5210t3p20kf72z4.png"},{"@type":"BreadcrumbList","@id":"https:\/\/serv3r.net\/en\/storage-servers\/#breadcrumb","itemListElement":[{"@type":"ListItem","position":1,"name":"Home","item":"https:\/\/serv3r.net\/en\/"},{"@type":"ListItem","position":2,"name":"Storage servers"}]},{"@type":"WebSite","@id":"https:\/\/serv3r.net\/en\/#website","url":"https:\/\/serv3r.net\/en\/","name":"Serv3r.net","description":"L&#039;h\u00e9bergeur aux valeurs humaines","publisher":{"@id":"https:\/\/serv3r.net\/en\/#organization"},"potentialAction":[{"@type":"SearchAction","target":{"@type":"EntryPoint","urlTemplate":"https:\/\/serv3r.net\/en\/?s={search_term_string}"},"query-input":{"@type":"PropertyValueSpecification","valueRequired":true,"valueName":"search_term_string"}}],"inLanguage":"en-US"},{"@type":"Organization","@id":"https:\/\/serv3r.net\/en\/#organization","name":"H\u00e9bergement Serv3r.net Inc","url":"https:\/\/serv3r.net\/en\/","logo":{"@type":"ImageObject","inLanguage":"en-US","@id":"https:\/\/serv3r.net\/en\/#\/schema\/logo\/image\/","url":"https:\/\/serv3r.net\/wp-content\/uploads\/2022\/12\/icon-serv3r-1.webp","contentUrl":"https:\/\/serv3r.net\/wp-content\/uploads\/2022\/12\/icon-serv3r-1.webp","width":310,"height":310,"caption":"H\u00e9bergement Serv3r.net Inc"},"image":{"@id":"https:\/\/serv3r.net\/en\/#\/schema\/logo\/image\/"},"description":"Serv3r.net est un h\u00e9bergeur de serveurs d\u00e9di\u00e9s et de VPS bas\u00e9 \u00e0 Montr\u00e9al, Canada. Notre histoire et notre exp\u00e9rience dans l\u2019industrie de l\u2019h\u00e9bergement web au Qu\u00e9bec remontent d\u00e9j\u00e0 \u00e0 bient\u00f4t 10 ans.","email":"info@serv3r.net","telephone":"1-888-391-7563","legalName":"H\u00e9bergement Serv3r.net Inc","foundingDate":"2023-02-24","numberOfEmployees":{"@type":"QuantitativeValue","minValue":"1","maxValue":"10"}}]}},"_links":{"self":[{"href":"https:\/\/serv3r.net\/en\/wp-json\/wp\/v2\/pages\/5086","targetHints":{"allow":["GET"]}}],"collection":[{"href":"https:\/\/serv3r.net\/en\/wp-json\/wp\/v2\/pages"}],"about":[{"href":"https:\/\/serv3r.net\/en\/wp-json\/wp\/v2\/types\/page"}],"author":[{"embeddable":true,"href":"https:\/\/serv3r.net\/en\/wp-json\/wp\/v2\/users\/1"}],"replies":[{"embeddable":true,"href":"https:\/\/serv3r.net\/en\/wp-json\/wp\/v2\/comments?post=5086"}],"version-history":[{"count":2,"href":"https:\/\/serv3r.net\/en\/wp-json\/wp\/v2\/pages\/5086\/revisions"}],"predecessor-version":[{"id":5102,"href":"https:\/\/serv3r.net\/en\/wp-json\/wp\/v2\/pages\/5086\/revisions\/5102"}],"wp:attachment":[{"href":"https:\/\/serv3r.net\/en\/wp-json\/wp\/v2\/media?parent=5086"}],"curies":[{"name":"wp","href":"https:\/\/api.w.org\/{rel}","templated":true}]}}