{"id":4484,"date":"2018-07-17T10:29:46","date_gmt":"2018-07-17T14:29:46","guid":{"rendered":"https:\/\/serv3r.net\/contact\/"},"modified":"2024-11-21T02:16:44","modified_gmt":"2024-11-21T07:16:44","slug":"contact","status":"publish","type":"page","link":"https:\/\/serv3r.net\/en\/contact\/","title":{"rendered":"Contact"},"content":{"rendered":"\t\t<div data-elementor-type=\"wp-post\" data-elementor-id=\"4484\" class=\"elementor elementor-4484 elementor-697\" data-elementor-post-type=\"page\">\n\t\t\t\t\t\t<section class=\"elementor-section elementor-top-section elementor-element elementor-element-69c8d6b elementor-section-boxed elementor-section-height-default elementor-section-height-default\" data-id=\"69c8d6b\" data-element_type=\"section\" data-e-type=\"section\">\n\t\t\t\t\t\t<div class=\"elementor-container elementor-column-gap-default\">\n\t\t\t\t\t<div class=\"elementor-column elementor-col-100 elementor-top-column elementor-element elementor-element-9f6dce3\" data-id=\"9f6dce3\" data-element_type=\"column\" data-e-type=\"column\">\n\t\t\t<div class=\"elementor-widget-wrap elementor-element-populated\">\n\t\t\t\t\t\t<div class=\"elementor-element elementor-element-cbc49ec elementor-widget elementor-widget-xs-heading\" data-id=\"cbc49ec\" data-element_type=\"widget\" data-e-type=\"widget\" data-widget_type=\"xs-heading.default\">\n\t\t\t\t<div class=\"elementor-widget-container\">\n\t\t\t\t\t<div class=\"xs-heading\">\n            <h3 class=\"heading-sub-title\">Any questions?<\/h3>\n                <h2 class=\"heading-title\">CONTACT <span>US<\/span><\/h2>\n    <\/div>\t\t\t\t<\/div>\n\t\t\t\t<\/div>\n\t\t\t\t<section class=\"elementor-section elementor-inner-section elementor-element elementor-element-c24cfda elementor-section-boxed elementor-section-height-default elementor-section-height-default\" data-id=\"c24cfda\" data-element_type=\"section\" data-e-type=\"section\">\n\t\t\t\t\t\t<div class=\"elementor-container elementor-column-gap-default\">\n\t\t\t\t\t<div class=\"elementor-column elementor-col-33 elementor-inner-column elementor-element elementor-element-107ac5a\" data-id=\"107ac5a\" data-element_type=\"column\" data-e-type=\"column\">\n\t\t\t<div class=\"elementor-widget-wrap elementor-element-populated\">\n\t\t\t\t\t\t<div class=\"elementor-element elementor-element-b3d2d3e elementor-position-top elementor-widget elementor-widget-image-box\" data-id=\"b3d2d3e\" data-element_type=\"widget\" data-e-type=\"widget\" data-widget_type=\"image-box.default\">\n\t\t\t\t<div class=\"elementor-widget-container\">\n\t\t\t\t\t<div class=\"elementor-image-box-wrapper\"><figure class=\"elementor-image-box-img\"><img decoding=\"async\" width=\"109\" height=\"109\" src=\"https:\/\/serv3r.net\/wp-content\/uploads\/2018\/07\/contact-info-icon-1.png\" class=\"attachment-full size-full wp-image-757\" alt=\"\" \/><\/figure><div class=\"elementor-image-box-content\"><h3 class=\"elementor-image-box-title\">Meet us<\/h3><p class=\"elementor-image-box-description\">H\u00e9bergement Serv3r.net Inc<br>1405 Henri Bourassa Blvd W<br>Suite 201<br>Montr\u00e9al, QC H3M 3B2<br><\/p><\/div><\/div>\t\t\t\t<\/div>\n\t\t\t\t<\/div>\n\t\t\t\t\t<\/div>\n\t\t<\/div>\n\t\t\t\t<div class=\"elementor-column elementor-col-33 elementor-inner-column elementor-element elementor-element-7f2af97\" data-id=\"7f2af97\" data-element_type=\"column\" data-e-type=\"column\">\n\t\t\t<div class=\"elementor-widget-wrap elementor-element-populated\">\n\t\t\t\t\t\t<div class=\"elementor-element elementor-element-3ba09af elementor-position-top elementor-widget elementor-widget-image-box\" data-id=\"3ba09af\" data-element_type=\"widget\" data-e-type=\"widget\" data-widget_type=\"image-box.default\">\n\t\t\t\t<div class=\"elementor-widget-container\">\n\t\t\t\t\t<div class=\"elementor-image-box-wrapper\"><figure class=\"elementor-image-box-img\"><img decoding=\"async\" width=\"109\" height=\"109\" src=\"https:\/\/serv3r.net\/wp-content\/uploads\/2018\/07\/contact-info-icon-2.webp\" class=\"attachment-full size-full wp-image-4064\" alt=\"\" \/><\/figure><div class=\"elementor-image-box-content\"><h3 class=\"elementor-image-box-title\">Call us<\/h3><p class=\"elementor-image-box-description\">1-888-391-7563 <br><br><br><br><br><\/p><\/div><\/div>\t\t\t\t<\/div>\n\t\t\t\t<\/div>\n\t\t\t\t\t<\/div>\n\t\t<\/div>\n\t\t\t\t<div class=\"elementor-column elementor-col-33 elementor-inner-column elementor-element elementor-element-f454346\" data-id=\"f454346\" data-element_type=\"column\" data-e-type=\"column\">\n\t\t\t<div class=\"elementor-widget-wrap elementor-element-populated\">\n\t\t\t\t\t\t<div class=\"elementor-element elementor-element-c87e869 elementor-position-top elementor-widget elementor-widget-image-box\" data-id=\"c87e869\" data-element_type=\"widget\" data-e-type=\"widget\" data-widget_type=\"image-box.default\">\n\t\t\t\t<div class=\"elementor-widget-container\">\n\t\t\t\t\t<div class=\"elementor-image-box-wrapper\"><figure class=\"elementor-image-box-img\"><img decoding=\"async\" width=\"109\" height=\"110\" src=\"https:\/\/serv3r.net\/wp-content\/uploads\/2018\/07\/contact-info-icon-3.webp\" class=\"attachment-full size-full wp-image-4063\" alt=\"\" \/><\/figure><div class=\"elementor-image-box-content\"><h3 class=\"elementor-image-box-title\">Write us<\/h3><p class=\"elementor-image-box-description\">info@serv3r.net<br><br><br><br><br><\/p><\/div><\/div>\t\t\t\t<\/div>\n\t\t\t\t<\/div>\n\t\t\t\t\t<\/div>\n\t\t<\/div>\n\t\t\t\t\t<\/div>\n\t\t<\/section>\n\t\t\t\t\t<\/div>\n\t\t<\/div>\n\t\t\t\t\t<\/div>\n\t\t<\/section>\n\t\t\t\t<section class=\"elementor-section elementor-top-section elementor-element elementor-element-f8fdb54 elementor-section-boxed elementor-section-height-default elementor-section-height-default\" data-id=\"f8fdb54\" data-element_type=\"section\" data-e-type=\"section\" data-settings=\"{&quot;background_background&quot;:&quot;classic&quot;}\">\n\t\t\t\t\t\t<div class=\"elementor-container elementor-column-gap-default\">\n\t\t\t\t\t<div class=\"elementor-column elementor-col-33 elementor-top-column elementor-element elementor-element-510290d\" data-id=\"510290d\" data-element_type=\"column\" data-e-type=\"column\">\n\t\t\t<div class=\"elementor-widget-wrap\">\n\t\t\t\t\t\t\t<\/div>\n\t\t<\/div>\n\t\t\t\t<div class=\"elementor-column elementor-col-33 elementor-top-column elementor-element elementor-element-9294d5e\" data-id=\"9294d5e\" data-element_type=\"column\" data-e-type=\"column\">\n\t\t\t<div class=\"elementor-widget-wrap elementor-element-populated\">\n\t\t\t\t\t\t<div class=\"elementor-element elementor-element-95056bf elementor-widget elementor-widget-xs-heading\" data-id=\"95056bf\" data-element_type=\"widget\" data-e-type=\"widget\" data-widget_type=\"xs-heading.default\">\n\t\t\t\t<div class=\"elementor-widget-container\">\n\t\t\t\t\t<div class=\"xs-heading\">\n            <h3 class=\"heading-sub-title\">Do you have any questions?<\/h3>\n                <h2 class=\"heading-title\">SEND US <span>A MESSAGE<\/span><\/h2>\n    <\/div>\t\t\t\t<\/div>\n\t\t\t\t<\/div>\n\t\t\t\t<div class=\"elementor-element elementor-element-9244881 elementor-widget elementor-widget-shortcode\" data-id=\"9244881\" data-element_type=\"widget\" data-e-type=\"widget\" data-widget_type=\"shortcode.default\">\n\t\t\t\t<div class=\"elementor-widget-container\">\n\t\t\t\t\t\t\t<div class=\"elementor-shortcode\">\n<div class=\"wpcf7 no-js\" id=\"wpcf7-f5315-o1\" lang=\"en-US\" dir=\"ltr\" data-wpcf7-id=\"5315\">\n<div class=\"screen-reader-response\"><p role=\"status\" aria-live=\"polite\" aria-atomic=\"true\"><\/p> <ul><\/ul><\/div>\n<form action=\"\/en\/wp-json\/wp\/v2\/pages\/4484#wpcf7-f5315-o1\" method=\"post\" class=\"wpcf7-form init wpcf7-acceptance-as-validation\" aria-label=\"Contact form\" novalidate=\"novalidate\" data-status=\"init\">\n<fieldset class=\"hidden-fields-container\"><input type=\"hidden\" name=\"_wpcf7\" value=\"5315\" \/><input type=\"hidden\" name=\"_wpcf7_version\" value=\"6.1.5\" \/><input type=\"hidden\" name=\"_wpcf7_locale\" value=\"en_US\" \/><input type=\"hidden\" name=\"_wpcf7_unit_tag\" value=\"wpcf7-f5315-o1\" \/><input type=\"hidden\" name=\"_wpcf7_container_post\" value=\"0\" \/><input type=\"hidden\" name=\"_wpcf7_posted_data_hash\" value=\"\" \/>\n<\/fieldset>\n<div id=\"xs-contact-form\" class=\"xs-form\">\n\t<div class=\"form-group\">\n\t\t<p><span class=\"wpcf7-form-control-wrap\" data-name=\"text-name\"><input size=\"40\" maxlength=\"400\" class=\"wpcf7-form-control wpcf7-text wpcf7-validates-as-required form-control\" id=\"xs_contact_name\" aria-required=\"true\" aria-invalid=\"false\" placeholder=\"Name\" value=\"\" type=\"text\" name=\"text-name\" \/><\/span><br \/>\n<span class=\"wpcf7-form-control-wrap\" data-name=\"your-email\"><input size=\"40\" maxlength=\"400\" class=\"wpcf7-form-control wpcf7-email wpcf7-validates-as-required wpcf7-text wpcf7-validates-as-email form-control\" id=\"xs_contact_email\" aria-required=\"true\" aria-invalid=\"false\" placeholder=\"example@gmail.com\" value=\"\" type=\"email\" name=\"your-email\" \/><\/span><br \/>\n<span class=\"wpcf7-form-control-wrap\" data-name=\"url-website\"><input size=\"40\" maxlength=\"400\" class=\"wpcf7-form-control wpcf7-url wpcf7-validates-as-required wpcf7-text wpcf7-validates-as-url form-control\" id=\"xs_contact_website\" aria-required=\"true\" aria-invalid=\"false\" placeholder=\"Website\" value=\"\" type=\"url\" name=\"url-website\" \/><\/span><br \/>\n<span class=\"wpcf7-form-control-wrap\" data-name=\"textarea-massage\"><textarea cols=\"40\" rows=\"10\" maxlength=\"2000\" class=\"wpcf7-form-control wpcf7-textarea form-control\" id=\"x_contact_massage\" aria-invalid=\"false\" placeholder=\"Question\" name=\"textarea-massage\"><\/textarea><\/span>\n\t\t<\/p>\n\t<\/div>\n\t<div class=\"xs-btn-wraper\">\n\t\t<p><span class=\"wpcf7-form-control-wrap\" data-name=\"cmplz-acceptance\"><span class=\"wpcf7-form-control wpcf7-acceptance\"><span class=\"wpcf7-list-item\"><label><input type=\"checkbox\" name=\"cmplz-acceptance\" value=\"1\" aria-invalid=\"false\" \/><span class=\"wpcf7-list-item-label\">To submit this form, you must accept our <a href=\"https:\/\/serv3r.net\/declaration-de-confidentialite-ca\/\">Privacy statement<\/a><\/span><\/label><\/span><\/span><\/span>\n\t\t<\/p>\n\t\t<p><input class=\"wpcf7-form-control wpcf7-submit has-spinner btn btn-primary\" id=\"xs_contact_submit\" type=\"submit\" value=\"Submit\" \/>\n\t\t<\/p>\n\t<\/div>\n<\/div><div class=\"wpcf7-response-output\" aria-hidden=\"true\"><\/div>\n<\/form>\n<\/div>\n<\/div>\n\t\t\t\t\t\t<\/div>\n\t\t\t\t<\/div>\n\t\t\t\t\t<\/div>\n\t\t<\/div>\n\t\t\t\t<div class=\"elementor-column elementor-col-33 elementor-top-column elementor-element elementor-element-373c595\" data-id=\"373c595\" data-element_type=\"column\" data-e-type=\"column\">\n\t\t\t<div class=\"elementor-widget-wrap\">\n\t\t\t\t\t\t\t<\/div>\n\t\t<\/div>\n\t\t\t\t\t<\/div>\n\t\t<\/section>\n\t\t\t\t<section class=\"elementor-section elementor-top-section elementor-element elementor-element-882993f elementor-section-full_width elementor-section-height-default elementor-section-height-default\" data-id=\"882993f\" data-element_type=\"section\" data-e-type=\"section\">\n\t\t\t\t\t\t<div class=\"elementor-container elementor-column-gap-default\">\n\t\t\t\t\t<div class=\"elementor-column elementor-col-100 elementor-top-column elementor-element elementor-element-729e7ab\" data-id=\"729e7ab\" data-element_type=\"column\" data-e-type=\"column\">\n\t\t\t<div class=\"elementor-widget-wrap elementor-element-populated\">\n\t\t\t\t\t\t<div class=\"elementor-element elementor-element-78f6cf7 elementor-widget elementor-widget-google_maps\" data-id=\"78f6cf7\" data-element_type=\"widget\" data-e-type=\"widget\" data-widget_type=\"google_maps.default\">\n\t\t\t\t<div class=\"elementor-widget-container\">\n\t\t\t\t\t\t\t<div class=\"elementor-custom-embed\">\n\t\t\t<iframe loading=\"lazy\"\n\t\t\t\t\tsrc=\"https:\/\/maps.google.com\/maps?q=1405%20Henri%20Bourassa%20Blvd%20W%20Suite%20201%2C%20Montreal%2C%20Quebec%20H3M%203B2&#038;t=m&#038;z=15&#038;output=embed&#038;iwloc=near\"\n\t\t\t\t\ttitle=\"1405 Henri Bourassa Blvd W Suite 201, Montreal, Quebec H3M 3B2\"\n\t\t\t\t\taria-label=\"1405 Henri Bourassa Blvd W Suite 201, Montreal, Quebec H3M 3B2\"\n\t\t\t><\/iframe>\n\t\t<\/div>\n\t\t\t\t\t\t<\/div>\n\t\t\t\t<\/div>\n\t\t\t\t\t<\/div>\n\t\t<\/div>\n\t\t\t\t\t<\/div>\n\t\t<\/section>\n\t\t\t\t<section class=\"elementor-section elementor-inner-section elementor-element elementor-element-1a06f80 elementor-section-boxed elementor-section-height-default elementor-section-height-default\" data-id=\"1a06f80\" data-element_type=\"section\" data-e-type=\"section\" data-settings=\"{&quot;background_background&quot;:&quot;classic&quot;}\">\n\t\t\t\t\t\t<div class=\"elementor-container elementor-column-gap-default\">\n\t\t\t\t\t<div class=\"elementor-column elementor-col-50 elementor-inner-column elementor-element elementor-element-ed702c8\" data-id=\"ed702c8\" data-element_type=\"column\" data-e-type=\"column\">\n\t\t\t<div class=\"elementor-widget-wrap elementor-element-populated\">\n\t\t\t\t\t\t<div class=\"elementor-element elementor-element-ce0a28a elementor-widget elementor-widget-xs-call-to-action-box\" data-id=\"ce0a28a\" data-element_type=\"widget\" data-e-type=\"widget\" data-widget_type=\"xs-call-to-action-box.default\">\n\t\t\t\t<div class=\"elementor-widget-container\">\n\t\t\t\t\t        <div class=\"xs-feature-group\">\n            <div class=\"media\">\n                <div class=\"feature-img d-flex\">\n                    <img loading=\"lazy\" decoding=\"async\" width=\"128\" height=\"128\" src=\"https:\/\/serv3r.net\/wp-content\/uploads\/2022\/09\/10@2x.png\" class=\"attachment-full size-full wp-image-1954\" alt=\"\" \/>                <\/div>\n                <div class=\"media-body feature-content\">\n                    <h4 class=\"xs-title\">Contact us<\/h4>\n                    <p>We're happy to answer your questions, no matter how long your message.<\/p>\n                    <div class=\"xs-btn-wraper\">\n                        <a href=\"mailto:info@serv3r.net\" class=\"btn btn-secondary\">Send us an e-mail<\/a>\n                    <\/div>\n                <\/div>\n            <\/div>\n            <span class=\"icon icon-dollar watermark-icon\"><\/span>\n        <\/div><!-- .xs-feature-group END -->\n        \t\t\t\t<\/div>\n\t\t\t\t<\/div>\n\t\t\t\t\t<\/div>\n\t\t<\/div>\n\t\t\t\t<div class=\"elementor-column elementor-col-50 elementor-inner-column elementor-element elementor-element-6b8ac10\" data-id=\"6b8ac10\" data-element_type=\"column\" data-e-type=\"column\">\n\t\t\t<div class=\"elementor-widget-wrap elementor-element-populated\">\n\t\t\t\t\t\t<div class=\"elementor-element elementor-element-0288dec elementor-widget elementor-widget-xs-call-to-action-box\" data-id=\"0288dec\" data-element_type=\"widget\" data-e-type=\"widget\" data-widget_type=\"xs-call-to-action-box.default\">\n\t\t\t\t<div class=\"elementor-widget-container\">\n\t\t\t\t\t        <div class=\"xs-feature-group\">\n            <div class=\"media\">\n                <div class=\"feature-img d-flex\">\n                    <img loading=\"lazy\" decoding=\"async\" width=\"128\" height=\"128\" src=\"https:\/\/serv3r.net\/wp-content\/uploads\/2022\/09\/4@2x.png\" class=\"attachment-full size-full wp-image-1938\" alt=\"\" \/>                <\/div>\n                <div class=\"media-body feature-content\">\n                    <h4 class=\"xs-title\">Book an appointment<\/h4>\n                    <p>If you need a few minutes on the phone to clarify your decision, we'll be happy to do it.<\/p>\n                    <div class=\"xs-btn-wraper\">\n                        <a href=\"https:\/\/calendly.com\/serv3r\/30min\" class=\"btn btn-secondary\">Book an appointment<\/a>\n                    <\/div>\n                <\/div>\n            <\/div>\n            <span class=\"icon icon-dollar watermark-icon\"><\/span>\n        <\/div><!-- .xs-feature-group END -->\n        \t\t\t\t<\/div>\n\t\t\t\t<\/div>\n\t\t\t\t\t<\/div>\n\t\t<\/div>\n\t\t\t\t\t<\/div>\n\t\t<\/section>\n\t\t\t\t<section class=\"elementor-section elementor-top-section elementor-element elementor-element-7a7de5c elementor-section-boxed elementor-section-height-default elementor-section-height-default\" data-id=\"7a7de5c\" data-element_type=\"section\" data-e-type=\"section\" data-settings=\"{&quot;background_background&quot;:&quot;classic&quot;}\">\n\t\t\t\t\t\t<div class=\"elementor-container elementor-column-gap-default\">\n\t\t\t\t\t<div class=\"elementor-column elementor-col-100 elementor-top-column elementor-element elementor-element-122d56f\" data-id=\"122d56f\" data-element_type=\"column\" data-e-type=\"column\">\n\t\t\t<div class=\"elementor-widget-wrap elementor-element-populated\">\n\t\t\t\t\t\t<div class=\"elementor-element elementor-element-4370167 elementor-widget elementor-widget-spacer\" data-id=\"4370167\" data-element_type=\"widget\" data-e-type=\"widget\" data-widget_type=\"spacer.default\">\n\t\t\t\t<div class=\"elementor-widget-container\">\n\t\t\t\t\t\t\t<div class=\"elementor-spacer\">\n\t\t\t<div class=\"elementor-spacer-inner\"><\/div>\n\t\t<\/div>\n\t\t\t\t\t\t<\/div>\n\t\t\t\t<\/div>\n\t\t\t\t\t<\/div>\n\t\t<\/div>\n\t\t\t\t\t<\/div>\n\t\t<\/section>\n\t\t\t\t<\/div>\n\t\t","protected":false},"excerpt":{"rendered":"<p>Any questions? CONTACT US Meet us H\u00e9bergement Serv3r.net Inc1405 Henri Bourassa Blvd WSuite 201Montr\u00e9al, QC H3M 3B2 Call us 1-888-391-7563 Write us info@serv3r.net Do you have any questions? SEND US A MESSAGE Contact us We&#8217;re happy to answer your questions, no matter how long your message. Send us an e-mail Book an appointment If you [&hellip;]<\/p>\n","protected":false},"author":1,"featured_media":4153,"parent":0,"menu_order":0,"comment_status":"closed","ping_status":"closed","template":"template\/template-full-width.php","meta":{"_monsterinsights_skip_tracking":false,"_monsterinsights_sitenote_active":false,"_monsterinsights_sitenote_note":"","_monsterinsights_sitenote_category":0,"footnotes":""},"class_list":["post-4484","page","type-page","status-publish","has-post-thumbnail","hentry"],"yoast_head":"<!-- This site is optimized with the Yoast SEO Premium plugin v27.2 (Yoast SEO v27.2) - https:\/\/yoast.com\/product\/yoast-seo-premium-wordpress\/ -->\n<title>Contact - Serv3r.net<\/title>\n<meta name=\"description\" content=\"Got a question? A problem? Contact us now.\" \/>\n<meta name=\"robots\" content=\"index, follow, max-snippet:-1, max-image-preview:large, max-video-preview:-1\" \/>\n<link rel=\"canonical\" href=\"https:\/\/serv3r.net\/en\/contact\/\" \/>\n<meta property=\"og:locale\" content=\"en_US\" \/>\n<meta property=\"og:type\" content=\"article\" \/>\n<meta property=\"og:title\" content=\"Contact Serv3r.net\" \/>\n<meta property=\"og:description\" content=\"Got a question? A problem? Contact us now.\" \/>\n<meta property=\"og:url\" content=\"https:\/\/serv3r.net\/en\/contact\/\" \/>\n<meta property=\"og:site_name\" content=\"Serv3r.net\" \/>\n<meta property=\"article:modified_time\" content=\"2024-11-21T07:16:44+00:00\" \/>\n<meta property=\"og:image\" content=\"https:\/\/serv3r.net\/wp-content\/uploads\/2022\/12\/logo-graph-1024x538.png\" \/>\n<meta name=\"twitter:card\" content=\"summary_large_image\" \/>\n<meta name=\"twitter:title\" content=\"Contact Serv3r.net\" \/>\n<meta name=\"twitter:description\" content=\"Got a question? A problem? Contact us now.\" \/>\n<meta name=\"twitter:label1\" content=\"Est. reading time\" \/>\n\t<meta name=\"twitter:data1\" content=\"2 minutes\" \/>\n<script type=\"application\/ld+json\" class=\"yoast-schema-graph\">{\"@context\":\"https:\/\/schema.org\",\"@graph\":[{\"@type\":\"WebPage\",\"@id\":\"https:\/\/serv3r.net\/en\/contact\/\",\"url\":\"https:\/\/serv3r.net\/en\/contact\/\",\"name\":\"Contact - Serv3r.net\",\"isPartOf\":{\"@id\":\"https:\/\/serv3r.net\/en\/#website\"},\"primaryImageOfPage\":{\"@id\":\"https:\/\/serv3r.net\/en\/contact\/#primaryimage\"},\"image\":{\"@id\":\"https:\/\/serv3r.net\/en\/contact\/#primaryimage\"},\"thumbnailUrl\":\"https:\/\/serv3r.net\/wp-content\/uploads\/2022\/12\/icon-serv3r.png\",\"datePublished\":\"2018-07-17T14:29:46+00:00\",\"dateModified\":\"2024-11-21T07:16:44+00:00\",\"description\":\"Got a question? A problem? Contact us now.\",\"breadcrumb\":{\"@id\":\"https:\/\/serv3r.net\/en\/contact\/#breadcrumb\"},\"inLanguage\":\"en-US\",\"potentialAction\":[{\"@type\":\"ReadAction\",\"target\":[\"https:\/\/serv3r.net\/en\/contact\/\"]}]},{\"@type\":\"ImageObject\",\"inLanguage\":\"en-US\",\"@id\":\"https:\/\/serv3r.net\/en\/contact\/#primaryimage\",\"url\":\"https:\/\/serv3r.net\/wp-content\/uploads\/2022\/12\/icon-serv3r.png\",\"contentUrl\":\"https:\/\/serv3r.net\/wp-content\/uploads\/2022\/12\/icon-serv3r.png\",\"width\":310,\"height\":310},{\"@type\":\"BreadcrumbList\",\"@id\":\"https:\/\/serv3r.net\/en\/contact\/#breadcrumb\",\"itemListElement\":[{\"@type\":\"ListItem\",\"position\":1,\"name\":\"Home\",\"item\":\"https:\/\/serv3r.net\/en\/\"},{\"@type\":\"ListItem\",\"position\":2,\"name\":\"Contact\"}]},{\"@type\":\"WebSite\",\"@id\":\"https:\/\/serv3r.net\/en\/#website\",\"url\":\"https:\/\/serv3r.net\/en\/\",\"name\":\"Serv3r.net\",\"description\":\"L&#039;h\u00e9bergeur aux valeurs humaines\",\"publisher\":{\"@id\":\"https:\/\/serv3r.net\/en\/#organization\"},\"potentialAction\":[{\"@type\":\"SearchAction\",\"target\":{\"@type\":\"EntryPoint\",\"urlTemplate\":\"https:\/\/serv3r.net\/en\/?s={search_term_string}\"},\"query-input\":{\"@type\":\"PropertyValueSpecification\",\"valueRequired\":true,\"valueName\":\"search_term_string\"}}],\"inLanguage\":\"en-US\"},{\"@type\":\"Organization\",\"@id\":\"https:\/\/serv3r.net\/en\/#organization\",\"name\":\"H\u00e9bergement Serv3r.net Inc\",\"url\":\"https:\/\/serv3r.net\/en\/\",\"logo\":{\"@type\":\"ImageObject\",\"inLanguage\":\"en-US\",\"@id\":\"https:\/\/serv3r.net\/en\/#\/schema\/logo\/image\/\",\"url\":\"https:\/\/serv3r.net\/wp-content\/uploads\/2022\/12\/icon-serv3r-1.webp\",\"contentUrl\":\"https:\/\/serv3r.net\/wp-content\/uploads\/2022\/12\/icon-serv3r-1.webp\",\"width\":310,\"height\":310,\"caption\":\"H\u00e9bergement Serv3r.net Inc\"},\"image\":{\"@id\":\"https:\/\/serv3r.net\/en\/#\/schema\/logo\/image\/\"},\"description\":\"Serv3r.net est un h\u00e9bergeur de serveurs d\u00e9di\u00e9s et de VPS bas\u00e9 \u00e0 Montr\u00e9al, Canada. Notre histoire et notre exp\u00e9rience dans l\u2019industrie de l\u2019h\u00e9bergement web au Qu\u00e9bec remontent d\u00e9j\u00e0 \u00e0 bient\u00f4t 10 ans.\",\"email\":\"info@serv3r.net\",\"telephone\":\"1-888-391-7563\",\"legalName\":\"H\u00e9bergement Serv3r.net Inc\",\"foundingDate\":\"2023-02-24\",\"numberOfEmployees\":{\"@type\":\"QuantitativeValue\",\"minValue\":\"1\",\"maxValue\":\"10\"}}]}<\/script>\n<!-- \/ Yoast SEO Premium plugin. -->","yoast_head_json":{"title":"Contact - Serv3r.net","description":"Got a question? A problem? Contact us now.","robots":{"index":"index","follow":"follow","max-snippet":"max-snippet:-1","max-image-preview":"max-image-preview:large","max-video-preview":"max-video-preview:-1"},"canonical":"https:\/\/serv3r.net\/en\/contact\/","og_locale":"en_US","og_type":"article","og_title":"Contact Serv3r.net","og_description":"Got a question? A problem? Contact us now.","og_url":"https:\/\/serv3r.net\/en\/contact\/","og_site_name":"Serv3r.net","article_modified_time":"2024-11-21T07:16:44+00:00","og_image":[{"url":"https:\/\/serv3r.net\/wp-content\/uploads\/2022\/12\/logo-graph-1024x538.png","type":"","width":"","height":""}],"twitter_card":"summary_large_image","twitter_title":"Contact Serv3r.net","twitter_description":"Got a question? A problem? Contact us now.","twitter_misc":{"Est. reading time":"2 minutes"},"schema":{"@context":"https:\/\/schema.org","@graph":[{"@type":"WebPage","@id":"https:\/\/serv3r.net\/en\/contact\/","url":"https:\/\/serv3r.net\/en\/contact\/","name":"Contact - Serv3r.net","isPartOf":{"@id":"https:\/\/serv3r.net\/en\/#website"},"primaryImageOfPage":{"@id":"https:\/\/serv3r.net\/en\/contact\/#primaryimage"},"image":{"@id":"https:\/\/serv3r.net\/en\/contact\/#primaryimage"},"thumbnailUrl":"https:\/\/serv3r.net\/wp-content\/uploads\/2022\/12\/icon-serv3r.png","datePublished":"2018-07-17T14:29:46+00:00","dateModified":"2024-11-21T07:16:44+00:00","description":"Got a question? A problem? Contact us now.","breadcrumb":{"@id":"https:\/\/serv3r.net\/en\/contact\/#breadcrumb"},"inLanguage":"en-US","potentialAction":[{"@type":"ReadAction","target":["https:\/\/serv3r.net\/en\/contact\/"]}]},{"@type":"ImageObject","inLanguage":"en-US","@id":"https:\/\/serv3r.net\/en\/contact\/#primaryimage","url":"https:\/\/serv3r.net\/wp-content\/uploads\/2022\/12\/icon-serv3r.png","contentUrl":"https:\/\/serv3r.net\/wp-content\/uploads\/2022\/12\/icon-serv3r.png","width":310,"height":310},{"@type":"BreadcrumbList","@id":"https:\/\/serv3r.net\/en\/contact\/#breadcrumb","itemListElement":[{"@type":"ListItem","position":1,"name":"Home","item":"https:\/\/serv3r.net\/en\/"},{"@type":"ListItem","position":2,"name":"Contact"}]},{"@type":"WebSite","@id":"https:\/\/serv3r.net\/en\/#website","url":"https:\/\/serv3r.net\/en\/","name":"Serv3r.net","description":"L&#039;h\u00e9bergeur aux valeurs humaines","publisher":{"@id":"https:\/\/serv3r.net\/en\/#organization"},"potentialAction":[{"@type":"SearchAction","target":{"@type":"EntryPoint","urlTemplate":"https:\/\/serv3r.net\/en\/?s={search_term_string}"},"query-input":{"@type":"PropertyValueSpecification","valueRequired":true,"valueName":"search_term_string"}}],"inLanguage":"en-US"},{"@type":"Organization","@id":"https:\/\/serv3r.net\/en\/#organization","name":"H\u00e9bergement Serv3r.net Inc","url":"https:\/\/serv3r.net\/en\/","logo":{"@type":"ImageObject","inLanguage":"en-US","@id":"https:\/\/serv3r.net\/en\/#\/schema\/logo\/image\/","url":"https:\/\/serv3r.net\/wp-content\/uploads\/2022\/12\/icon-serv3r-1.webp","contentUrl":"https:\/\/serv3r.net\/wp-content\/uploads\/2022\/12\/icon-serv3r-1.webp","width":310,"height":310,"caption":"H\u00e9bergement Serv3r.net Inc"},"image":{"@id":"https:\/\/serv3r.net\/en\/#\/schema\/logo\/image\/"},"description":"Serv3r.net est un h\u00e9bergeur de serveurs d\u00e9di\u00e9s et de VPS bas\u00e9 \u00e0 Montr\u00e9al, Canada. Notre histoire et notre exp\u00e9rience dans l\u2019industrie de l\u2019h\u00e9bergement web au Qu\u00e9bec remontent d\u00e9j\u00e0 \u00e0 bient\u00f4t 10 ans.","email":"info@serv3r.net","telephone":"1-888-391-7563","legalName":"H\u00e9bergement Serv3r.net Inc","foundingDate":"2023-02-24","numberOfEmployees":{"@type":"QuantitativeValue","minValue":"1","maxValue":"10"}}]}},"_links":{"self":[{"href":"https:\/\/serv3r.net\/en\/wp-json\/wp\/v2\/pages\/4484","targetHints":{"allow":["GET"]}}],"collection":[{"href":"https:\/\/serv3r.net\/en\/wp-json\/wp\/v2\/pages"}],"about":[{"href":"https:\/\/serv3r.net\/en\/wp-json\/wp\/v2\/types\/page"}],"author":[{"embeddable":true,"href":"https:\/\/serv3r.net\/en\/wp-json\/wp\/v2\/users\/1"}],"replies":[{"embeddable":true,"href":"https:\/\/serv3r.net\/en\/wp-json\/wp\/v2\/comments?post=4484"}],"version-history":[{"count":14,"href":"https:\/\/serv3r.net\/en\/wp-json\/wp\/v2\/pages\/4484\/revisions"}],"predecessor-version":[{"id":5337,"href":"https:\/\/serv3r.net\/en\/wp-json\/wp\/v2\/pages\/4484\/revisions\/5337"}],"wp:featuredmedia":[{"embeddable":true,"href":"https:\/\/serv3r.net\/en\/wp-json\/wp\/v2\/media\/4153"}],"wp:attachment":[{"href":"https:\/\/serv3r.net\/en\/wp-json\/wp\/v2\/media?parent=4484"}],"curies":[{"name":"wp","href":"https:\/\/api.w.org\/{rel}","templated":true}]}}